{"id":7,"date":"2010-05-14T08:31:41","date_gmt":"2010-05-14T08:31:41","guid":{"rendered":"http:\/\/hermes.hsu-hh.de\/zup\/?page_id=7"},"modified":"2015-06-19T00:21:51","modified_gmt":"2015-06-18T22:21:51","slug":"nomos-verlagsgesellschaft","status":"publish","type":"page","link":"https:\/\/hermes.hsu-hh.de\/zup\/?page_id=7","title":{"rendered":"Die Nomos Verlagsgesellschaft"},"content":{"rendered":"<p>Die Nomos Verlagsgesellschaft wurde 1936 von August Lutzeyer unter dessen Namen in Berlin gegr\u00fcndet. 1964\u00a0erfolgte die Umbenennung in Nomos Verlagsgesellschaft. Bis 1998 geh\u00f6rte der Verlag zu Suhrkamp, seit 1999 mit einer eigenen modernen Druckerei zur <a href=\"http:\/\/www.beck.de\/\" target=\"_blank\">C.H.Beck Gruppe<\/a>.<\/p>\n<p>Schwerpunkte der Verlagst\u00e4tigkeit sind neben der juristischen Textdokumentation die Publikation eines umfassenden Buch- und Zeitschriftenprogramms f\u00fcr juristische Praktiker. Bei Nomos erscheinen zahlreiche bekannte Kommentare und Formularwerke, die in der Praxis eine weite Verbreitung gefunden haben. Aus \u00dcberzeugung und in gro\u00dfem Umfang widmet sich der Verlag dar\u00fcber hinaus der Publikation von wissenschaftlicher Fachliteratur aus den Bereichen Recht und Sozialwissenschaften.<\/p>\n<p>Die fach\u00fcbergreifende Thematik Europa spielt bei der gesamten Publikationst\u00e4tigkeit eine zentrale Rolle und ist seit jeher ein Markenzeichen des Verlags.<\/p>\n<p><a href=\"http:\/\/www.nomos.de\/\" target=\"_blank\">http:\/\/www.nomos.de<\/a><\/p>\n","protected":false},"excerpt":{"rendered":"<p>Die Nomos Verlagsgesellschaft wurde 1936 von August Lutzeyer unter dessen Namen in Berlin gegr\u00fcndet. 1964\u00a0erfolgte die Umbenennung in Nomos Verlagsgesellschaft. Bis 1998 geh\u00f6rte der Verlag zu Suhrkamp, seit 1999 mit einer eigenen modernen Druckerei zur C.H.Beck Gruppe. Schwerpunkte der Verlagst\u00e4tigkeit sind neben der juristischen Textdokumentation die Publikation eines umfassenden Buch- und Zeitschriftenprogramms f\u00fcr juristische Praktiker. [&hellip;]<\/p>\n","protected":false},"author":1,"featured_media":0,"parent":0,"menu_order":3,"comment_status":"closed","ping_status":"closed","template":"","meta":{"footnotes":""},"class_list":["post-7","page","type-page","status-publish","hentry"],"_links":{"self":[{"href":"https:\/\/hermes.hsu-hh.de\/zup\/index.php?rest_route=\/wp\/v2\/pages\/7","targetHints":{"allow":["GET"]}}],"collection":[{"href":"https:\/\/hermes.hsu-hh.de\/zup\/index.php?rest_route=\/wp\/v2\/pages"}],"about":[{"href":"https:\/\/hermes.hsu-hh.de\/zup\/index.php?rest_route=\/wp\/v2\/types\/page"}],"author":[{"embeddable":true,"href":"https:\/\/hermes.hsu-hh.de\/zup\/index.php?rest_route=\/wp\/v2\/users\/1"}],"replies":[{"embeddable":true,"href":"https:\/\/hermes.hsu-hh.de\/zup\/index.php?rest_route=%2Fwp%2Fv2%2Fcomments&post=7"}],"version-history":[{"count":0,"href":"https:\/\/hermes.hsu-hh.de\/zup\/index.php?rest_route=\/wp\/v2\/pages\/7\/revisions"}],"wp:attachment":[{"href":"https:\/\/hermes.hsu-hh.de\/zup\/index.php?rest_route=%2Fwp%2Fv2%2Fmedia&parent=7"}],"curies":[{"name":"wp","href":"https:\/\/api.w.org\/{rel}","templated":true}]}}