{"id":70,"date":"2016-12-31T19:45:43","date_gmt":"2016-12-31T18:45:43","guid":{"rendered":"http:\/\/hermes.hsu-hh.de\/zeitgerecht\/?page_id=70"},"modified":"2018-12-02T20:03:34","modified_gmt":"2018-12-02T19:03:34","slug":"publikationen","status":"publish","type":"page","link":"https:\/\/hermes.hsu-hh.de\/zeitgerecht\/publikationen\/","title":{"rendered":"Publikationen"},"content":{"rendered":"<ol>\n<li><a href=\"https:\/\/hermes.hsu-hh.de\/zeitgerecht\/wp-content\/uploads\/sites\/19\/2017\/01\/2016_7_24_PM_Lebenszeit_4_mod.pdf\">Presseerkl\u00e4rung<\/a> der Europa-Universit\u00e4t Flensburg vom 04.08.2016 zum Start des Projekts &#8222;Lebenszeit 4.0&#8220;<\/li>\n<li><a href=\"https:\/\/hermes.hsu-hh.de\/~zeitgerecht\/flyer_projekt_lebenszeit_4.0_171116.pdf\">Projektflyer<\/a>\u00a0(Stand: 17.11.2016)<\/li>\n<li>Seifert, H.; Holst, E.; Matiaske M.; Tobsch, V. (2016): Arbeitszeitw\u00fcnsche und ihre Realisierung. In: WSI-Mitteilungen, 69. Jg, H. 4, S. 300-308.<\/li>\n<li>Holst, E.; Bringmann, J. (2017): <a href=\"http:\/\/www.diw.de\/documents\/publikationen\/73\/diw_01.c.549702.de\/diw_roundup_106_de.pdf\">Arbeitszeitw\u00fcnsche von Besch\u00e4ftigten: eine Black Box?. Zu Unsch\u00e4rfen der Ermittlung von Unter- und \u00dcberbesch\u00e4ftigung<\/a>. DIW Roundup 106, Berlin: Deutsches Institut f\u00fcr Wirtschaftsforschung.<\/li>\n<li><a href=\"https:\/\/hermes.hsu-hh.de\/zeitgerecht\/wp-content\/uploads\/sites\/19\/2017\/10\/Projektatlas-Arbeit-4.0-pr\u00e4ventiv-gestalten_web.pdf\">Projektatlas \u201eArbeit 4.0 pr\u00e4ventiv gestalten\u201c<\/a> des F\u00f6rderschwerpunkts \u201ePr\u00e4ventive Ma\u00dfnahmen f\u00fcr die sichere und gesunde Arbeit von morgen\u201c (13.10.2017).<\/li>\n<li><a href=\"https:\/\/hermes.hsu-hh.de\/zeitgerecht\/wp-content\/uploads\/sites\/19\/2017\/12\/ergebnisbericht-lebenszeit-adelby1.pdf\">Ergebnisbericht und Ma\u00dfnahmenkatalog zur Bedarfs- und Bestandsanalyse<\/a> aus dem Adelby 1-Teilvorhaben &#8222;Zeitgerechte Modelle &#8211; Zeit f\u00fcr Kinder&#8220; (22.12.2017).<\/li>\n<li><a href=\"https:\/\/hermes.hsu-hh.de\/zeitgerecht\/wp-content\/uploads\/sites\/19\/2018\/02\/bestands-__bedarfsanalyse__massnahmekatalog_sdu_Feb_2018.pdf\">Bestands- und Bedarfsanalyse und Ma\u00dfnahmenkatalog<\/a> des Teilvorhabens &#8222;Zeitgerechte Modelle \u2013 Von Nachbarn lernen&#8220; des Sydslesvigs danske Ungdomsforeninger (04.02.2018).<\/li>\n<li>Manovi, E. (2018): Familienzeit 4.0 \u2013 Anforderungen an bedarfsgerechte Kinderbetreuung. In:\u00a0<a href=\"https:\/\/hermes.hsu-hh.de\/zeitgerecht\/wp-content\/uploads\/sites\/19\/2018\/12\/praeview-1-18-Fokusgruppe-Doppelseiten.pdf\">pr\u00e6view\u00a09. Jg, H. 1<\/a>, S. 14-15.<\/li>\n<li>Wendt, C.; Biemelt, J.; Dettmers, J.; Czaya, A. (2018): Mehr Lebenszeit \u2013 weniger Stress: ein Rahmenmodell zur \u00d6konomie, Soziologie und Psychologie von Zeitkonflikten. In:\u00a0<a href=\"https:\/\/hermes.hsu-hh.de\/zeitgerecht\/wp-content\/uploads\/sites\/19\/2018\/12\/praeview-1-18-Fokusgruppe-Doppelseiten.pdf\">pr\u00e6view\u00a09. Jg, H. 1<\/a>, S. 12-13.<\/li>\n<li>Matiaske, W. (2018): Welche F\u00e4lle? Zur statistischen Verortung von Fallstudien. In:\u00a0<a href=\"https:\/\/hermes.hsu-hh.de\/zeitgerecht\/wp-content\/uploads\/sites\/19\/2018\/12\/praeview-1-18-Fokusgruppe-Doppelseiten.pdf\">pr\u00e6view\u00a09. Jg, H. 1<\/a>, S. 32-33.<\/li>\n<li>Matiaske, W. (2018): Eine kommende Dimension der Arbeitsforschung: Region. In:\u00a0<a href=\"https:\/\/hermes.hsu-hh.de\/zeitgerecht\/wp-content\/uploads\/sites\/19\/2018\/12\/praeview-1-18-Fokusgruppe-Doppelseiten.pdf\">pr\u00e6view\u00a09. Jg, H. 1<\/a>, S. 34-35.<\/li>\n<\/ol>\n<p><span style=\"font-size: x-large\">Pr\u00e4sentationen<\/span><\/p>\n<ol>\n<li><a href=\"https:\/\/hermes.hsu-hh.de\/zeitgerecht\/wp-content\/uploads\/sites\/19\/2018\/06\/MSH-Workshop-Familientag-Rendsburg-15.05.2018.pdf\">Pr\u00e4sentation\/Zusammenfassung<\/a>\u00a0 des Workshops der Medical School Hamburg zum Thema <em>&#8222;Keine Zeit, keine Zeit \u2013 Familien im Zeitstress und was sie dagegen tun (k\u00f6nnen)&#8220;<\/em> auf\u00a0dem ersten Schleswig-Holsteiner Familientag am\u00a015. Mai 2018 in Rendsburg.<\/li>\n<\/ol>\n","protected":false},"excerpt":{"rendered":"<p>Presseerkl\u00e4rung der Europa-Universit\u00e4t Flensburg vom 04.08.2016 zum Start des Projekts &#8222;Lebenszeit 4.0&#8220; Projektflyer\u00a0(Stand: 17.11.2016) Seifert, H.; Holst, E.; Matiaske M.; Tobsch, V. (2016): Arbeitszeitw\u00fcnsche und ihre Realisierung. In: WSI-Mitteilungen, 69. Jg, H. 4, S. 300-308. Holst, E.; Bringmann, J. (2017): Arbeitszeitw\u00fcnsche von Besch\u00e4ftigten: eine Black Box?. Zu Unsch\u00e4rfen der Ermittlung von Unter- und \u00dcberbesch\u00e4ftigung. DIW [&hellip;]<\/p>\n","protected":false},"author":10,"featured_media":0,"parent":0,"menu_order":0,"comment_status":"closed","ping_status":"closed","template":"","meta":{"footnotes":""},"class_list":["post-70","page","type-page","status-publish","hentry"],"_links":{"self":[{"href":"https:\/\/hermes.hsu-hh.de\/zeitgerecht\/wp-json\/wp\/v2\/pages\/70","targetHints":{"allow":["GET"]}}],"collection":[{"href":"https:\/\/hermes.hsu-hh.de\/zeitgerecht\/wp-json\/wp\/v2\/pages"}],"about":[{"href":"https:\/\/hermes.hsu-hh.de\/zeitgerecht\/wp-json\/wp\/v2\/types\/page"}],"author":[{"embeddable":true,"href":"https:\/\/hermes.hsu-hh.de\/zeitgerecht\/wp-json\/wp\/v2\/users\/10"}],"replies":[{"embeddable":true,"href":"https:\/\/hermes.hsu-hh.de\/zeitgerecht\/wp-json\/wp\/v2\/comments?post=70"}],"version-history":[{"count":16,"href":"https:\/\/hermes.hsu-hh.de\/zeitgerecht\/wp-json\/wp\/v2\/pages\/70\/revisions"}],"predecessor-version":[{"id":328,"href":"https:\/\/hermes.hsu-hh.de\/zeitgerecht\/wp-json\/wp\/v2\/pages\/70\/revisions\/328"}],"wp:attachment":[{"href":"https:\/\/hermes.hsu-hh.de\/zeitgerecht\/wp-json\/wp\/v2\/media?parent=70"}],"curies":[{"name":"wp","href":"https:\/\/api.w.org\/{rel}","templated":true}]}}