{"id":158,"date":"2017-06-01T18:36:13","date_gmt":"2017-06-01T16:36:13","guid":{"rendered":"http:\/\/hermes.hsu-hh.de\/zeitgerecht\/?page_id=158"},"modified":"2018-06-06T15:02:35","modified_gmt":"2018-06-06T13:02:35","slug":"projektbeirat","status":"publish","type":"page","link":"https:\/\/hermes.hsu-hh.de\/zeitgerecht\/projektbeirat\/","title":{"rendered":"Projektbeirat"},"content":{"rendered":"<p><strong>Henning Br\u00fcggemann<\/strong>, Diplom-Volkswirt, ist seit 2007 B\u00fcrgermeister der Stadt Flensburg.<\/p>\n<p><strong>Robert Habeck<\/strong>, Schriftsteller und Mitglied des B\u00fcndnisses 90\/Die Gr\u00fcnen, ist seit Juni 2017 Minister f\u00fcr Energiewende, Landwirtschaft, Umwelt, Natur und Digitalisierung des Landes Schleswig-Holstein und seit Januar 2018 gemeinsam mit\u00a0Annalena Baerbock Bundesvorsitzender der Gr\u00fcnen.<\/p>\n<p><strong>Dr. Karin Jurczyk<\/strong>, Familiensoziologin, Leiterin der Abteilung Familie und Familienpolitik beim Deutschen Jugendinstitut und gesch\u00e4ftsf\u00fchrender Vorstand der Deutschen Gesellschaft f\u00fcr Zeitpolitik, hat vielf\u00e4ltig zu den Themen Familien- und Sorgebeziehungen, Gender, Lebensf\u00fchrung, Arbeitszeit, work-life-balance und geschlechtergerechte Zeitpolitik f\u00fcr Familien ver\u00f6ffentlicht.<\/p>\n<p><strong>Dr. Ulrich M\u00fcckenberger<\/strong>, Professor am Zentrum f\u00fcr Europ\u00e4ische Rechtspolitik der Universit\u00e4t Bremen und gesch\u00e4ftsf\u00fchrender Vorstand der Deutschen Gesellschaft f\u00fcr Zeitpolitik, forscht auf den Gebieten Zeitpolitik, work-life-balance, Globalisierung und soziale Regulierung.<\/p>\n","protected":false},"excerpt":{"rendered":"<p>Henning Br\u00fcggemann, Diplom-Volkswirt, ist seit 2007 B\u00fcrgermeister der Stadt Flensburg. Robert Habeck, Schriftsteller und Mitglied des B\u00fcndnisses 90\/Die Gr\u00fcnen, ist seit Juni 2017 Minister f\u00fcr Energiewende, Landwirtschaft, Umwelt, Natur und Digitalisierung des Landes Schleswig-Holstein und seit Januar 2018 gemeinsam mit\u00a0Annalena Baerbock Bundesvorsitzender der Gr\u00fcnen. Dr. Karin Jurczyk, Familiensoziologin, Leiterin der Abteilung Familie und Familienpolitik beim [&hellip;]<\/p>\n","protected":false},"author":10,"featured_media":0,"parent":0,"menu_order":0,"comment_status":"closed","ping_status":"closed","template":"","meta":{"footnotes":""},"class_list":["post-158","page","type-page","status-publish","hentry"],"_links":{"self":[{"href":"https:\/\/hermes.hsu-hh.de\/zeitgerecht\/wp-json\/wp\/v2\/pages\/158","targetHints":{"allow":["GET"]}}],"collection":[{"href":"https:\/\/hermes.hsu-hh.de\/zeitgerecht\/wp-json\/wp\/v2\/pages"}],"about":[{"href":"https:\/\/hermes.hsu-hh.de\/zeitgerecht\/wp-json\/wp\/v2\/types\/page"}],"author":[{"embeddable":true,"href":"https:\/\/hermes.hsu-hh.de\/zeitgerecht\/wp-json\/wp\/v2\/users\/10"}],"replies":[{"embeddable":true,"href":"https:\/\/hermes.hsu-hh.de\/zeitgerecht\/wp-json\/wp\/v2\/comments?post=158"}],"version-history":[{"count":4,"href":"https:\/\/hermes.hsu-hh.de\/zeitgerecht\/wp-json\/wp\/v2\/pages\/158\/revisions"}],"predecessor-version":[{"id":257,"href":"https:\/\/hermes.hsu-hh.de\/zeitgerecht\/wp-json\/wp\/v2\/pages\/158\/revisions\/257"}],"wp:attachment":[{"href":"https:\/\/hermes.hsu-hh.de\/zeitgerecht\/wp-json\/wp\/v2\/media?parent=158"}],"curies":[{"name":"wp","href":"https:\/\/api.w.org\/{rel}","templated":true}]}}