{"id":123,"date":"2017-01-13T19:43:23","date_gmt":"2017-01-13T18:43:23","guid":{"rendered":"http:\/\/hermes.hsu-hh.de\/zeitgerecht\/?page_id=123"},"modified":"2017-01-13T19:43:23","modified_gmt":"2017-01-13T18:43:23","slug":"impressum","status":"publish","type":"page","link":"https:\/\/hermes.hsu-hh.de\/zeitgerecht\/impressum\/","title":{"rendered":"Impressum"},"content":{"rendered":"<p><strong>Helmut-Schmidt-Universit\u00e4t\/Universit\u00e4t der Bundeswehr Hamburg<\/strong><br \/>\nHolstenhofweg 85<br \/>\n22043 Hamburg<br \/>\nDeutschland<br \/>\nTelefon: +49 (0) 40 \u2013 6541-1<br \/>\nTelefax: +49 (0) 40 \u2013 6541-2869<br \/>\nWebseite: <a href=\"http:\/\/www.hsu-hh.de\/\" target=\"_blank\">www.hsu-hh.de<\/a><br \/>\n<a href=\"mailto:pressestelle@hsu-hh.de\">E-Mail<\/a><\/p>\n<p><strong>Rechtliche Angaben<\/strong><br \/>\nGesetzlicher Vertreter: Der Pr\u00e4sident Univ.-Prof. Dr. Wilfried Seidel (<a href=\"mailto:pressestelle@hsu-hh.de\">E-Mail<\/a>)<br \/>\nInhaltlich Verantwortlicher gem\u00e4\u00df TMG: Prof. Dr. Wenzel Matiaske (<a href=\"mailto:matiaske@hsu-hh.de\">E-Mail<\/a>)<\/p>\n<p><strong>Technische Angaben<\/strong><br \/>\nTechnisch Verantwortlicher: Axel Czaya\u00a0(<a href=\"mailto:czaya@hsu-hh-de\">E-Mail<\/a>)<\/p>\n<p><strong>Weitere Informationen<\/strong><br \/>\n<a href=\"https:\/\/hermes.hsu-hh.de\/doctoralstudy\/impressum\/allgemeine-nutzungsbedingungen\/\" target=\"_self\">Allg. Nutzungsbedingungen<\/a><br \/>\n<a href=\"https:\/\/hermes.hsu-hh.de\/doctoralstudy\/impressum\/erklarung-zum-datenschutz\/\" target=\"_self\">Erkl\u00e4rung zum Datenschutz<\/a><br \/>\n<a href=\"https:\/\/hermes.hsu-hh.de\/doctoralstudy\/impressum\/haftungsausschluss-disclaimer\/\" target=\"_self\">Haftungshinweise (Disclaimer)<\/a><\/p>\n<p>Trotz sorgf\u00e4ltiger inhaltlicher Kontrolle \u00fcbernehmen wir keine Haftung f\u00fcr die Inhalte externer Links. F\u00fcr den Inhalt der verlinkten Seiten sind ausschlie\u00dflich deren Betreiber verantwortlich.<\/p>\n<p>Alle hier verwendeten Namen, Begriffe, Zeichen und Grafiken k\u00f6nnen Marken- oder Warenzeichen im Besitze ihrer rechtlichen Eigent\u00fcmer sein. Die Rechte aller erw\u00e4hnten und benutzten Marken- und Warenzeichen liegen ausschlie\u00dflich bei deren Besitzern.<\/p>\n","protected":false},"excerpt":{"rendered":"<p>Helmut-Schmidt-Universit\u00e4t\/Universit\u00e4t der Bundeswehr Hamburg Holstenhofweg 85 22043 Hamburg Deutschland Telefon: +49 (0) 40 \u2013 6541-1 Telefax: +49 (0) 40 \u2013 6541-2869 Webseite: www.hsu-hh.de E-Mail Rechtliche Angaben Gesetzlicher Vertreter: Der Pr\u00e4sident Univ.-Prof. Dr. Wilfried Seidel (E-Mail) Inhaltlich Verantwortlicher gem\u00e4\u00df TMG: Prof. Dr. Wenzel Matiaske (E-Mail) Technische Angaben Technisch Verantwortlicher: Axel Czaya\u00a0(E-Mail) Weitere Informationen Allg. Nutzungsbedingungen Erkl\u00e4rung [&hellip;]<\/p>\n","protected":false},"author":10,"featured_media":0,"parent":0,"menu_order":0,"comment_status":"closed","ping_status":"closed","template":"","meta":{"footnotes":""},"class_list":["post-123","page","type-page","status-publish","hentry"],"_links":{"self":[{"href":"https:\/\/hermes.hsu-hh.de\/zeitgerecht\/wp-json\/wp\/v2\/pages\/123","targetHints":{"allow":["GET"]}}],"collection":[{"href":"https:\/\/hermes.hsu-hh.de\/zeitgerecht\/wp-json\/wp\/v2\/pages"}],"about":[{"href":"https:\/\/hermes.hsu-hh.de\/zeitgerecht\/wp-json\/wp\/v2\/types\/page"}],"author":[{"embeddable":true,"href":"https:\/\/hermes.hsu-hh.de\/zeitgerecht\/wp-json\/wp\/v2\/users\/10"}],"replies":[{"embeddable":true,"href":"https:\/\/hermes.hsu-hh.de\/zeitgerecht\/wp-json\/wp\/v2\/comments?post=123"}],"version-history":[{"count":0,"href":"https:\/\/hermes.hsu-hh.de\/zeitgerecht\/wp-json\/wp\/v2\/pages\/123\/revisions"}],"wp:attachment":[{"href":"https:\/\/hermes.hsu-hh.de\/zeitgerecht\/wp-json\/wp\/v2\/media?parent=123"}],"curies":[{"name":"wp","href":"https:\/\/api.w.org\/{rel}","templated":true}]}}