{"id":5,"date":"2010-02-27T07:56:00","date_gmt":"2010-02-27T07:56:00","guid":{"rendered":"http:\/\/hermes.hsu-hh.de\/sowifome\/?page_id=5"},"modified":"2015-01-11T07:07:15","modified_gmt":"2015-01-11T07:07:15","slug":"uber-die-reihe","status":"publish","type":"page","link":"https:\/\/hermes.hsu-hh.de\/sowifome\/uber-die-reihe\/","title":{"rendered":"\u00dcber die Reihe"},"content":{"rendered":"<p>In der Forschungspraxis werden zunehmend statistische Methoden eingesetzt, die im Rahmen der universit\u00e4ren Ausbildung der angewandten Wissenschaften, wie Humanwissenschaften (z.B. Psychologie), Sozialwissenschaften (z.B. Soziologie) oder Wirtschaftswissenschaften, aus Zeitmangel nicht oder nur unzureichend behandelt werden k\u00f6nnen. Zwar ist in den meisten F\u00e4llen Literatur verf\u00fcgbar, die diese Themen ersch\u00f6pfend behandelt, aber entweder ist diese f\u00fcr eine bereits gut ger\u00fcstete Leserschaft konzipiert und\/oder sehr umfangreich oder, bei neueren Methoden seltener, reduziert auf eher oberfl\u00e4chliche Handlungsanleitungen. F\u00fcr die verantwortungsvolle Verwendung in der angewandten Forschung, bei der im Allgemeinen nur begrenzte zeitliche Kapazit\u00e4ten zur Verf\u00fcgung stehen, eignen sich solche Werke nur bedingt. Die vorliegende Reihe versucht, diese L\u00fccke zu schlie\u00dfen: Einerseits auf relativ wenig Raum das jeweilige Thema weitgehend ersch\u00f6pfend und anwendungsorientiert zu behandeln ohne weitgehende Vorkenntnisse vorauszusetzen, andererseits nicht in die Form weitgehend substanzloser statistischer Rezepturen zu verfallen.<\/p>\n<p>Neben Beitr\u00e4gen zu klar abgegrenzten statistischen Methoden, sind in dieser Reihe auch B\u00e4nde geplant, die die statistische Grundlagen sowie f\u00e4cher\u00fcbergreifende Sicht- und Einsatzm\u00f6glichkeiten anwendungsorientiert behandeln.<\/p>\n<p>Adressaten sind Studierenden sowie Forscher und Forscherinnen, die an einer begr\u00fcndbaren Anwendung der Methoden interessiert sind.<\/p>\n","protected":false},"excerpt":{"rendered":"<p>In der Forschungspraxis werden zunehmend statistische Methoden eingesetzt, die im Rahmen der universit\u00e4ren Ausbildung der angewandten Wissenschaften, wie Humanwissenschaften (z.B. Psychologie), Sozialwissenschaften (z.B. Soziologie) oder Wirtschaftswissenschaften, aus Zeitmangel nicht oder nur unzureichend behandelt werden k\u00f6nnen. Zwar ist in den meisten F\u00e4llen Literatur verf\u00fcgbar, die diese Themen ersch\u00f6pfend behandelt, aber entweder ist diese f\u00fcr eine bereits [&hellip;]<\/p>\n","protected":false},"author":1,"featured_media":0,"parent":0,"menu_order":2,"comment_status":"closed","ping_status":"closed","template":"","meta":{"footnotes":""},"class_list":["post-5","page","type-page","status-publish","hentry"],"_links":{"self":[{"href":"https:\/\/hermes.hsu-hh.de\/sowifome\/wp-json\/wp\/v2\/pages\/5","targetHints":{"allow":["GET"]}}],"collection":[{"href":"https:\/\/hermes.hsu-hh.de\/sowifome\/wp-json\/wp\/v2\/pages"}],"about":[{"href":"https:\/\/hermes.hsu-hh.de\/sowifome\/wp-json\/wp\/v2\/types\/page"}],"author":[{"embeddable":true,"href":"https:\/\/hermes.hsu-hh.de\/sowifome\/wp-json\/wp\/v2\/users\/1"}],"replies":[{"embeddable":true,"href":"https:\/\/hermes.hsu-hh.de\/sowifome\/wp-json\/wp\/v2\/comments?post=5"}],"version-history":[{"count":0,"href":"https:\/\/hermes.hsu-hh.de\/sowifome\/wp-json\/wp\/v2\/pages\/5\/revisions"}],"wp:attachment":[{"href":"https:\/\/hermes.hsu-hh.de\/sowifome\/wp-json\/wp\/v2\/media?parent=5"}],"curies":[{"name":"wp","href":"https:\/\/api.w.org\/{rel}","templated":true}]}}