{"id":390,"date":"2018-12-18T15:48:26","date_gmt":"2018-12-18T14:48:26","guid":{"rendered":"http:\/\/hermes.hsu-hh.de\/sowifome\/?page_id=390"},"modified":"2019-05-30T16:28:00","modified_gmt":"2019-05-30T14:28:00","slug":"herausgeber","status":"publish","type":"page","link":"https:\/\/hermes.hsu-hh.de\/sowifome\/herausgeber\/","title":{"rendered":"Herausgeber"},"content":{"rendered":"\n<p><a rel=\"noreferrer noopener\" aria-label=\"Wenzel Matiaske (Helmut-Schmidt-Universit\u00e4t Hamburg)(opens in a new tab)\" href=\"https:\/\/www.hsu-hh.de\/ipa\/univ-prof-dr-wenzel-matiaske\" target=\"_blank\">Wenzel Matiaske<\/a> (Helmut-Schmidt-Universit\u00e4t Hamburg)<br><a rel=\"noreferrer noopener\" aria-label=\"Martin Spie\u00df (Universit\u00e4t Hamburg)(opens in a new tab)\" href=\"https:\/\/www.psy.uni-hamburg.de\/arbeitsbereiche\/psychologische-methoden-und-statistik\/personen\/spiess-martin.html\" target=\"_blank\">Martin Spie\u00df<\/a> (Universit\u00e4t Hamburg)<br>(gesch\u00e4ftsf\u00fchrend seit 2010)<\/p>\n\n\n\n<p><a rel=\"noreferrer noopener\" aria-label=\"Michael Berlemann (Helmut-Schmidt-Universit\u00e4t Hamburg)(opens in a new tab)\" href=\"https:\/\/www.hsu-hh.de\/empwifo\/prof-dr-michael-berlemann\" target=\"_blank\">Michael Berlemann<\/a> (Helmut-Schmidt-Universit\u00e4t Hamburg)<br><a rel=\"noreferrer noopener\" aria-label=\"Ingwer Borg (Universit\u00e4t M\u00fcnster)(opens in a new tab)\" href=\"https:\/\/www.uni-muenster.de\/PsyIFP\/AEHolling\/de\/personen\/borg.html\" target=\"_blank\">Ingwer Borg<\/a> (Universit\u00e4t M\u00fcnster)<br><a rel=\"noreferrer noopener\" aria-label=\"Claudia Fantapi\u00e9 Altobelli (Helmut-Schmidt-Universit\u00e4t Hamburg)(opens in a new tab)\" href=\"https:\/\/www.hsu-hh.de\/marketing\/\" target=\"_blank\">Claudia Fantapi\u00e9 Altobelli<\/a> (Helmut-Schmidt-Universit\u00e4t Hamburg)<br><a rel=\"noreferrer noopener\" aria-label=\"Holger Hinz (Universit\u00e4t Flensburg)(opens in a new tab)\" href=\"https:\/\/www.uni-flensburg.de\/iim\/institut\/lehrende\/hinz-holger\" target=\"_blank\">Holger Hinz<\/a> (Universit\u00e4t Flensburg)<br><a rel=\"noreferrer noopener\" aria-label=\"Uwe Jirjahn (Universit\u00e4t Trier)(opens in a new tab)\" href=\"https:\/\/www.uni-trier.de\/?id=35365\" target=\"_blank\">Uwe Jirjahn<\/a> (Universit\u00e4t Trier)<br>\n\n<a rel=\"noreferrer noopener\" aria-label=\"Bernhard Kittel (Universit\u00e4t Wien)(opens in a new tab)\" href=\"https:\/\/soc.univie.ac.at\/ueber-uns\/bernhard-kittel\/\" target=\"_blank\">Bernhard Kittel<\/a> (Universit\u00e4t Wien)<br>\n\n<a rel=\"noreferrer noopener\" aria-label=\"Stefan Liebig (DIW Berlin)(opens in a new tab)\" href=\"https:\/\/www.diw.de\/de\/diw_01.c.100376.de\/ueber_uns\/menschen_am_diw_berlin\/mitarbeiter\/innen\/mitarbeiter\/innen.html?id=diw_01.c.574425.de\" target=\"_blank\">Stefan Liebig<\/a> (DIW Berlin)<br>\n\n<a rel=\"noreferrer noopener\" aria-label=\"Rainer Oesterreich (TU-Berlin)(opens in a new tab)\" href=\"http:\/\/apa.cs.tu-berlin.de\/OEhomepage\/HomeOe.html\" target=\"_blank\">Rainer Oesterreich<\/a> (TU-Berlin)<br>\n\n<a rel=\"noreferrer noopener\" aria-label=\"Kai-Uwe Schnapp (Universit\u00e4t Hamburg)(opens in a new tab)\" href=\"https:\/\/www.wiso.uni-hamburg.de\/fachbereich-sowi\/professuren\/schnapp\/team\/schnapp-kai-uwe.html\" target=\"_blank\">Kai-Uwe Schnapp<\/a> (Universit\u00e4t Hamburg)<br>\n\n<a rel=\"noreferrer noopener\" aria-label=\"Rainer Schnell (Universit\u00e4t Duisburg-Essen)(opens in a new tab)\" href=\"https:\/\/www.uni-due.de\/soziologie\/schnell.php\" target=\"_blank\">Rainer Schnell<\/a> (Universit\u00e4t Duisburg-Essen)<br><a rel=\"noreferrer noopener\" aria-label=\"Peter Sedlmeier (Technische Universit\u00e4t Chemnitz)(opens in a new tab)\" href=\"https:\/\/www.tu-chemnitz.de\/hsw\/psychologie\/professuren\/method\/Sedlmeier.html\" target=\"_blank\">Peter Sedlmeier<\/a> (Technische Universit\u00e4t Chemnitz)<br><a rel=\"noreferrer noopener\" aria-label=\"Carolin Strobl (Universit\u00e4t Z\u00fcrich)(opens in a new tab)\" href=\"https:\/\/www.psychologie.uzh.ch\/de\/bereiche\/nec\/methoden\/team\/carolinstrobl.html\" target=\"_blank\">Carolin Strobl<\/a> (Universit\u00e4t Z\u00fcrich)<br><a rel=\"noreferrer noopener\" aria-label=\"Gerhard Tutz (Ludwig-Maximilians-Universit\u00e4t M\u00fcnchen)(opens in a new tab)\" href=\"https:\/\/www.semsto.statistik.uni-muenchen.de\/personen\/lehrstuhlinhaber\/tutz\/index.html\" target=\"_blank\">Gerhard Tutz<\/a> (Ludwig-Maximilians-Universit\u00e4t M\u00fcnchen)<br>Wilfried Seidel (Helmut-Schmidt-Universit\u00e4t Hamburg)<br><\/p>\n\n\n\n<p>Ehemalige Mitherausgeber<br><\/p>\n\n\n\n<p>Joachim Wagner (Leuphana Universit\u00e4t L\u00fcneburg)<br>Manfred Kraft (Universit\u00e4t Paderborn)<\/p>\n","protected":false},"excerpt":{"rendered":"<p>Wenzel Matiaske (Helmut-Schmidt-Universit\u00e4t Hamburg)Martin Spie\u00df (Universit\u00e4t Hamburg)(gesch\u00e4ftsf\u00fchrend seit 2010) Michael Berlemann (Helmut-Schmidt-Universit\u00e4t Hamburg)Ingwer Borg (Universit\u00e4t M\u00fcnster)Claudia Fantapi\u00e9 Altobelli (Helmut-Schmidt-Universit\u00e4t Hamburg)Holger Hinz (Universit\u00e4t Flensburg)Uwe Jirjahn (Universit\u00e4t Trier) Bernhard Kittel (Universit\u00e4t Wien) Stefan Liebig (DIW Berlin) Rainer Oesterreich (TU-Berlin) Kai-Uwe Schnapp (Universit\u00e4t Hamburg) Rainer Schnell (Universit\u00e4t Duisburg-Essen)Peter Sedlmeier (Technische Universit\u00e4t Chemnitz)Carolin Strobl (Universit\u00e4t Z\u00fcrich)Gerhard Tutz (Ludwig-Maximilians-Universit\u00e4t M\u00fcnchen)Wilfried [&hellip;]<\/p>\n","protected":false},"author":7,"featured_media":0,"parent":0,"menu_order":0,"comment_status":"closed","ping_status":"closed","template":"","meta":{"footnotes":""},"class_list":["post-390","page","type-page","status-publish","hentry"],"_links":{"self":[{"href":"https:\/\/hermes.hsu-hh.de\/sowifome\/wp-json\/wp\/v2\/pages\/390","targetHints":{"allow":["GET"]}}],"collection":[{"href":"https:\/\/hermes.hsu-hh.de\/sowifome\/wp-json\/wp\/v2\/pages"}],"about":[{"href":"https:\/\/hermes.hsu-hh.de\/sowifome\/wp-json\/wp\/v2\/types\/page"}],"author":[{"embeddable":true,"href":"https:\/\/hermes.hsu-hh.de\/sowifome\/wp-json\/wp\/v2\/users\/7"}],"replies":[{"embeddable":true,"href":"https:\/\/hermes.hsu-hh.de\/sowifome\/wp-json\/wp\/v2\/comments?post=390"}],"version-history":[{"count":11,"href":"https:\/\/hermes.hsu-hh.de\/sowifome\/wp-json\/wp\/v2\/pages\/390\/revisions"}],"predecessor-version":[{"id":448,"href":"https:\/\/hermes.hsu-hh.de\/sowifome\/wp-json\/wp\/v2\/pages\/390\/revisions\/448"}],"wp:attachment":[{"href":"https:\/\/hermes.hsu-hh.de\/sowifome\/wp-json\/wp\/v2\/media?parent=390"}],"curies":[{"name":"wp","href":"https:\/\/api.w.org\/{rel}","templated":true}]}}