{"id":38,"date":"2010-06-20T12:10:04","date_gmt":"2010-06-20T12:10:04","guid":{"rendered":"http:\/\/hermes.hsu-hh.de\/sowifome\/?page_id=38"},"modified":"2010-12-30T10:06:12","modified_gmt":"2010-12-30T10:06:12","slug":"erklarung-zum-datenschutz","status":"publish","type":"page","link":"https:\/\/hermes.hsu-hh.de\/sowifome\/impressum\/erklarung-zum-datenschutz\/","title":{"rendered":"Erkl\u00e4rung zum Datenschutz"},"content":{"rendered":"<p><strong>Vorwort<\/strong><\/p>\n<p>Wir nehmen den Schutz Ihrer privaten Daten ernst. Die besondere Beachtung der Privatsph\u00e4re bei der Verarbeitung pers\u00f6nlicher Daten ist uns ein wichtiges Anliegen. Pers\u00f6nliche Daten werden gem\u00e4ss den Bestimmungen des Bundesdatensschutzgesetzes BDSG verwendet. Die Betreiber dieser Website verpflichten sich zur Verschwiegenheit. Diese Webseiten k\u00f6nnen Links zu Webseiten anderer Anbieter enthalten, auf die sich diese Datenschutzerkl\u00e4rung nicht erstreckt. Weitere wichtige Informationen finden sich auch in den <a href=\"https:\/\/hermes.hsu-hh.de\/sowifome\/impressum\/allgemeine-nutzungshinweise\/\" target=\"_blank\">Allgemeinen Nutzungsbedingungen<\/a>.<\/p>\n<p><strong>Personenbezogene Daten<\/strong><\/p>\n<p>Personenbezogene Daten sind Informationen, die dazu genutzt werden k\u00f6nnen, die Identit\u00e4t zu erfahren. Darunter fallen Informationen wie richtiger Name, Adresse, Postanschrift, Telefonnummer. Informationen, die nicht direkt mit der wirklichen Identit\u00e4t in Verbindung gebracht werden (wie zum Beispiel favorisierte Webseiten oder Anzahl der Nutzer einer Site) fallen nicht darunter.<\/p>\n<p>Man kann unser Online-Angebot grunds\u00e4tzlich ohne Offenlegung der Identit\u00e4t nutzen. Wenn man sich f\u00fcr eine Registrierung entscheidet, sich also als Mitglied (registrierter Benutzer) anmeldet, kann man im individuellen Benutzerprofil pers\u00f6nlichen Informationen hinterlegen. Es unterliegt der freien Entscheidung, ob diese Daten eingegeben werden. Da versucht wird, f\u00fcr eine Nutzung des Angebots so wenig wie m\u00f6glich personenbezogene Daten zu erheben, reicht f\u00fcr eine Registrierung die Angabe eines Namens &#8211; unter dem man als Mitglied gef\u00fchrt wird und der nicht mit dem realen Namen \u00fcbereinstimmen muss &#8211; und die Angabe der E-Mail-Adresse, an die das Kennwort geschickt wird, aus. In Verbindung mit dem Zugriff auf unsere Seiten werden serverseitig Daten (zum Beispiel IP-Adresse, Datum, Uhrzeit und betrachtete Seiten) gespeichert. Es findet keine personenbezogene Verwertung statt. Die statistische Auswertung anonymisierter Datens\u00e4tze bleibt vorbehalten.<br \/>\nWir nutzen die pers\u00f6nlichen Daten zu Zwecken der technischen Administration der Webseiten und zur Kundenverwaltung nur im jeweils daf\u00fcr erforderlichen Umfang. Dar\u00fcber hinaus werden pers\u00f6nliche Daten nur dann gespeichert, wenn diese freiwillig angegeben werden.<\/p>\n<p><strong>Weitergabe personenbezogener Daten<\/strong><\/p>\n<p>Wir verwenden personenbezogene Informationen nur f\u00fcr diese Webseite. Wir geben die Informationen nicht ohne ausdr\u00fcckliches Einverst\u00e4ndnis an Dritte weiter. Sollten im Rahmen der Auftragsdatenverarbeitung Daten an Dienstleister weitergegeben werden, so sind diese an das Bundesdatenschutzgesetz BDSG, andere gesetzliche Vorschriften und an diese Privacy Policy gebunden.<\/p>\n<p>Erhebungen beziehungsweise \u00fcbermittlungen pers\u00f6nlicher Daten an staatliche Einrichtungen und Beh\u00f6rden erfolgen nur im Rahmen zwingender Rechtsvorschriften.<\/p>\n<p><strong>Einsatz von Cookies<\/strong><\/p>\n<p>Wir setzen Cookies &#8211; kleine Dateien mit Konfigurationsinformationen &#8211; ein. Sie helfen dabei, benutzerindividuelle Einstellungen zu ermitteln und spezielle Benutzerfunktionen zu realisieren. Wir erfassen keine personenbezogenen Daten \u00fcber Cookies. S\u00e4mtliche Funktionen der Website sind auch ohne Cookies einsetzbar, einige benutzerdefinierte Eigenschaften und Einstellungen sind dann allerdings nicht verf\u00fcgbar.<\/p>\n<p><strong>Einsatz von Google Analytics<\/strong><\/p>\n<p>Diese Website benutzt Google Analytics, einen Webanalysedienst der Googe Inc. (Google). Google Analytics verwendet sog. Cookies, Textdateien, die auf Ihrem Computer gespeichert werden und die eine Analyse der Benutzung der Website durch Sie erm\u00f6glicht. Die durch den Cookie erzeugten Informationen \u00fcber Ihre Benutzung diese Website (einschlie\u00dflich Ihrer IP-Adresse) wird an einen Server der Google in den USA \u00fcbertragen und dort gespeichert. Google wird diese Informationen benutzen, um die Nutzung der Website auszuwerten, um Reports \u00fcber die Websiteaktivit\u00e4ten f\u00fcr die Websitebetreiber zusammenzustellen und um weitere mit der Websitenutzung und der Internetnutzung verbundene Dienstleistungen zu erbringen. Auch wird Google diese Informationen gegebenenfalls an Dritte \u00fcbertragen, sofern dies gesetzlich vorgeschrieben oder soweit Dritte diese Daten im Auftrag von Google verarbeiten. Google wird in keinem Fall Ihre IP-Adresse mit anderen Daten der Google in Verbindung bringen. Sie k\u00f6nnen die Installation der Cookies durch eine entsprechende Einstellung Ihrer Browser Software verhindern. Wir weisen Sie jedoch darauf hin, dass Sie in diesem Fall gegebenenfalls nicht s\u00e4mtliche Funktionen dieser Website voll umf\u00e4nglich nutzen k\u00f6nnen. Durch die Nutzung dieser Website erkl\u00e4ren Sie sich mit der Bearbeitung der \u00fcber Sie erhobenen Daten durch Google in der zuvor beschriebenen Art und Weise und zu dem zuvor benannten Zweck einverstanden.<\/p>\n<p><strong>Kinder<\/strong><\/p>\n<p>Personen unter 18 Jahren sollten ohne Zustimmung der Eltern oder Erziehungsberechtigten keine personenbezogenen Daten an uns \u00fcbermitteln. Wir fordern keine personenbezogenen Daten von Kindern an, sammeln diese nicht und geben sie nicht an Dritte weiter.<\/p>\n<p><strong>Recht auf Widerruf<\/strong><\/p>\n<p>Wenn Sie uns personenbezogene Daten \u00fcberlassen haben, k\u00f6nnen Sie diese jederzeit im Benutzerprofil wieder \u00e4ndern und l\u00f6schen. F\u00fcr eine vollst\u00e4ndige L\u00f6schung des Accounts bitte an den <a href=\"mailto:fietze@hsu-hh.de\">Webmaster<\/a> wenden. Bis zu diesem Zeitpunkt erfolgte Beitr\u00e4ge in Foren, Kommentaren, Terminank\u00fcndigungen und Artikeln bleiben allerdings unter Umst\u00e4nden erhalten &#8211; Informationen dazu auch bei den\u00a0<a href=\"https:\/\/hermes.hsu-hh.de\/sowifome\/impressum\/allgemeine-nutzungshinweise\/\" target=\"_blank\">Allgemeinen Nutzungsbedingungen<\/a>.<\/p>\n<p><strong>Links zu anderen Websites<\/strong><\/p>\n<p>Unser Online-Angebot enth\u00e4lt Links zu anderen Websites. Wir haben keinen Einfluss darauf, dass deren Betreiber die Datenschutzbestimmungen einhalten.<\/p>\n<p><strong>Beitr\u00e4ge<\/strong><\/p>\n<p>Die Beitr\u00e4ge auf unserer Seite sind f\u00fcr jeden zug\u00e4nglich. Beitr\u00e4ge sollten vor der Ver\u00f6ffentlichung sorgf\u00e4ltig darauf \u00fcberpr\u00fcft werden, ob sie Angaben enthalten, die nicht f\u00fcr die \u00d6ffentlichkeit bestimmt sind. Die Beitr\u00e4ge werden m\u00f6glicherweise in Suchmaschinen erfasst und auch ohne gezielten Aufruf dieser Website weltweit zugreifbar.<\/p>\n<p><strong>Fragen und Kommentare<\/strong><\/p>\n<p>Bei Fragen und f\u00fcr Anregungen und Kommentare zum Thema Datenschutz bitte per Mail an den\u00a0<a href=\"mailto:fietze@hsu-hh.de\">Webmaster<\/a> von <em>Sozialwissenschaftliche Forschungsmethoden<\/em> wenden.<\/p>\n<p><strong>Auskunftsrecht<\/strong><\/p>\n<p>Sie haben jederzeit das Recht auf Auskunft \u00fcber die bez\u00fcglich Ihrer Person gespeicherten Daten, deren Herkunft und Empf\u00e4nger sowie den Zweck der Datenverarbeitung. Auskunft \u00fcber die gespeicherten Daten gibt der\u00a0<a href=\"mailto:fietze@hsu-hh.de\">Webmaster<\/a>.<\/p>\n<p><strong>Sicherheitshinweis<\/strong><\/p>\n<p>Wir sind bem\u00fcht Ihre personenbezogenen Daten durch Ergreifung aller technischen und organisatorischen M\u00f6glichkeiten so zu speichern, dass sie f\u00fcr Dritte nicht zug\u00e4nglich sind. Bei der Kommunikation per E Mail kann die vollst\u00e4ndige Datensicherheit von uns nicht gew\u00e4hrleistet werden, so dass wir Ihnen bei vertraulichen Informationen den Postweg empfehlen.<\/p>\n","protected":false},"excerpt":{"rendered":"<p>Vorwort Wir nehmen den Schutz Ihrer privaten Daten ernst. Die besondere Beachtung der Privatsph\u00e4re bei der Verarbeitung pers\u00f6nlicher Daten ist uns ein wichtiges Anliegen. Pers\u00f6nliche Daten werden gem\u00e4ss den Bestimmungen des Bundesdatensschutzgesetzes BDSG verwendet. Die Betreiber dieser Website verpflichten sich zur Verschwiegenheit. Diese Webseiten k\u00f6nnen Links zu Webseiten anderer Anbieter enthalten, auf die sich diese [&hellip;]<\/p>\n","protected":false},"author":1,"featured_media":0,"parent":30,"menu_order":2,"comment_status":"closed","ping_status":"open","template":"","meta":{"footnotes":""},"class_list":["post-38","page","type-page","status-publish","hentry"],"_links":{"self":[{"href":"https:\/\/hermes.hsu-hh.de\/sowifome\/wp-json\/wp\/v2\/pages\/38","targetHints":{"allow":["GET"]}}],"collection":[{"href":"https:\/\/hermes.hsu-hh.de\/sowifome\/wp-json\/wp\/v2\/pages"}],"about":[{"href":"https:\/\/hermes.hsu-hh.de\/sowifome\/wp-json\/wp\/v2\/types\/page"}],"author":[{"embeddable":true,"href":"https:\/\/hermes.hsu-hh.de\/sowifome\/wp-json\/wp\/v2\/users\/1"}],"replies":[{"embeddable":true,"href":"https:\/\/hermes.hsu-hh.de\/sowifome\/wp-json\/wp\/v2\/comments?post=38"}],"version-history":[{"count":0,"href":"https:\/\/hermes.hsu-hh.de\/sowifome\/wp-json\/wp\/v2\/pages\/38\/revisions"}],"up":[{"embeddable":true,"href":"https:\/\/hermes.hsu-hh.de\/sowifome\/wp-json\/wp\/v2\/pages\/30"}],"wp:attachment":[{"href":"https:\/\/hermes.hsu-hh.de\/sowifome\/wp-json\/wp\/v2\/media?parent=38"}],"curies":[{"name":"wp","href":"https:\/\/api.w.org\/{rel}","templated":true}]}}