{"id":63,"date":"2021-11-11T09:40:19","date_gmt":"2021-11-11T08:40:19","guid":{"rendered":"http:\/\/localhost\/arbeitswelten\/?page_id=63"},"modified":"2022-01-10T17:55:40","modified_gmt":"2022-01-10T16:55:40","slug":"home","status":"publish","type":"page","link":"https:\/\/hermes.hsu-hh.de\/arbeitswelten\/","title":{"rendered":"Home"},"content":{"rendered":"<div class=\"wpb-content-wrapper\"><p>[vc_row][vc_column width=&#8220;1\/2&#8243;][vc_single_image image=&#8220;302&#8243; img_size=&#8220;550&#215;171&#8243; css_animation=&#8220;none&#8220; el_id=&#8220;logo-1&#8243;][\/vc_column][vc_column width=&#8220;1\/2&#8243;][vc_column_text css_animation=&#8220;appear&#8220; el_id=&#8220;subtitle-1&#8243;]<\/p>\n<h1>Gemeinschaftsstudie der Helmut-Schmidt-Universit\u00e4t Hamburg und des DIW Berlin<\/h1>\n<p>[\/vc_column_text][\/vc_column][\/vc_row][vc_row full_width=&#8220;stretch_row&#8220; css=&#8220;.vc_custom_1640194048535{background-color: rgba(201,214,223,0.48) !important;*background-color: rgb(201,214,223) !important;}&#8220; el_id=&#8220;blue-box&#8220;][vc_column][\/vc_column][\/vc_row][vc_row full_width=&#8220;stretch_row&#8220; css=&#8220;.vc_custom_1639132563639{margin-top: 00px !important;margin-left: -30px !important;padding-top: 50px !important;padding-bottom: 50px !important;background-image: url(https:\/\/hermes.hsu-hh.de\/arbeitswelten\/wp-content\/uploads\/2021\/11\/gradient-1.svg?id=240) !important;}&#8220; el_class=&#8220;background-1&#8243;][vc_column width=&#8220;1\/2&#8243;][vc_column_text el_class=&#8220;infobox-1&#8243;]<\/p>\n<h2>Informationen zur Studie<\/h2>\n<p>Die Studie \u201eBetriebe und berufliche Arbeitswelten in Deutschland\u201c <!-- Finde ich redundant, w\u00fcrde ich daher streichen -->untersucht den technologischen Wandel in der Arbeitswelt. Daf\u00fcr werden jedes Jahr Betriebe zu Digitalisierung, beruflicher Weiterbildung und Personalmanagement befragt. Gef\u00f6rdert wird die Studie vom Zentrum f\u00fcr Digitalisierungs- und Technologieforschung der Bundeswehr (dtec.bw).<\/p>\n<p><a class=\"link-a\" href=\"https:\/\/hermes.hsu-hh.de\/arbeitswelten\/die-studie\/\">Weitere Informationen zur Studie<\/a>[\/vc_column_text][\/vc_column][vc_column width=&#8220;1\/2&#8243;][vc_column_text el_class=&#8220;infobox-1&#8243;]<\/p>\n<h2>Fragen &amp; Antworten<\/h2>\n<p>Sie wollen wissen, warum Sie zur Teilnahme bei \u201eBetriebe und berufliche Arbeitswelten in Deutschland\u201c eingeladen wurden? Sie interessieren sich daf\u00fcr, wer die Studie betreibt?<\/p>\n<p><a class=\"link-a\" href=\"https:\/\/hermes.hsu-hh.de\/arbeitswelten\/fragen-antworten\/\">Hier finden Sie Antworten auf h\u00e4ufig gestellte Fragen<\/a>[\/vc_column_text][\/vc_column][\/vc_row][vc_row full_width=&#8220;stretch_row&#8220; css=&#8220;.vc_custom_1639132374156{margin-top: 0px !important;padding-top: 0px !important;padding-bottom: 0px !important; margin-left: -30px !important;}&#8220;][vc_column width=&#8220;1\/2&#8243;][vc_column_text el_class=&#8220;infobox-1&#8243;]<\/p>\n<h2>Datenschutz<\/h2>\n<p>Ohne das Vertrauen in den sorgf\u00e4ltigen Umgang mit den Daten der Teilnehmenden, w\u00e4re die Studie \u201eBetriebe und berufliche Arbeitswelten in Deutschland\u201c nicht m\u00f6glich. Deshalb analysieren wir Ihre Daten ausschlie\u00dflich anonymisiert. Ihre Angaben werden au\u00dferdem in jedem Fall vertraulich behandelt und ausschlie\u00dflich f\u00fcr wissenschaftliche Zwecke genutzt.<\/p>\n<p><a class=\"link-a\" href=\"https:\/\/hermes.hsu-hh.de\/arbeitswelten\/datenschutz-studie\/\">Mehr Informationen zum Datenschutz<\/a>[\/vc_column_text][\/vc_column][vc_column width=&#8220;1\/2&#8243;][vc_column_text el_class=&#8220;infobox-1&#8243;]<\/p>\n<h2>Haben Sie Fragen?<\/h2>\n<p><img loading=\"lazy\" decoding=\"async\" class=\"alignnone size-medium wp-image-371\" src=\"https:\/\/hermes.hsu-hh.de\/arbeitswelten\/wp-content\/uploads\/sites\/21\/2021\/12\/infas-logo-grau.svg\" alt=\"\" width=\"63\" height=\"35\" \/><\/p>\n<p>infas Institut f\u00fcr angewandte<br \/>\nSozialwissenschaft GmbH<\/p>\n<p>Tel. <a class=\"link-w\" href=\"tel:08007766505\">0800\/77 66 505<\/a><br \/>\n<a class=\"link-w\" href=\"mailto:arbeitswelten@infas.de\">arbeitswelten@infas.de<\/a>[\/vc_column_text][\/vc_column][\/vc_row][vc_row css=&#8220;.vc_custom_1639134758558{margin-top: -20px !important;margin-right: 0px !important;}&#8220;][vc_column][vc_raw_html]JTNDcCUzRSUwQSUzQ2ltZyUyMHdpZHRoJTNEJTIyMTE3JTIyJTIwaGVpZ2h0JTNEJTIyMTAyJTIyJTIwc3JjJTNEJTIyaHR0cCUzQSUyRiUyRmhlcm1lcy5oc3UtaGguZGUlMkZhcmJlaXRzd2VsdGVuJTJGd3AtY29udGVudCUyRnVwbG9hZHMlMkZzaXRlcyUyRjIxJTJGMjAyMSUyRjEyJTJGS3JlaXNlLXp3ZWktMS5zdmclMjIlMjBjbGFzcyUzRCUyMmhvbWUtY2lyY2xlJTIyJTNDJTJGZGl2JTNFJTBBJTNDJTJGcCUzRQ==[\/vc_raw_html][\/vc_column][\/vc_row]<\/p>\n<\/div>","protected":false},"excerpt":{"rendered":"<p>[vc_row][vc_column width=&#8220;1\/2&#8243;][vc_single_image image=&#8220;302&#8243; img_size=&#8220;550&#215;171&#8243; css_animation=&#8220;none&#8220; el_id=&#8220;logo-1&#8243;][\/vc_column][vc_column width=&#8220;1\/2&#8243;][vc_column_text css_animation=&#8220;appear&#8220; el_id=&#8220;subtitle-1&#8243;] Gemeinschaftsstudie der Helmut-Schmidt-Universit\u00e4t Hamburg und des DIW Berlin [\/vc_column_text][\/vc_column][\/vc_row][vc_row full_width=&#8220;stretch_row&#8220; css=&#8220;.vc_custom_1640194048535{background-color: rgba(201,214,223,0.48) !important;*background-color: rgb(201,214,223) !important;}&#8220; el_id=&#8220;blue-box&#8220;][vc_column][\/vc_column][\/vc_row][vc_row full_width=&#8220;stretch_row&#8220; css=&#8220;.vc_custom_1639132563639{margin-top: 00px !important;margin-left: -30px !important;padding-top: 50px !important;padding-bottom: 50px !important;background-image: url(https:\/\/hermes.hsu-hh.de\/arbeitswelten\/wp-content\/uploads\/2021\/11\/gradient-1.svg?id=240) !important;}&#8220; el_class=&#8220;background-1&#8243;][vc_column width=&#8220;1\/2&#8243;][vc_column_text el_class=&#8220;infobox-1&#8243;] Informationen zur Studie Die Studie \u201eBetriebe und berufliche Arbeitswelten in Deutschland\u201c untersucht den technologischen Wandel&hellip;<\/p>\n","protected":false},"author":24,"featured_media":0,"parent":0,"menu_order":0,"comment_status":"closed","ping_status":"closed","template":"","meta":{"_acf_changed":false,"footnotes":""},"class_list":["post-63","page","type-page","status-publish","hentry"],"acf":[],"_links":{"self":[{"href":"https:\/\/hermes.hsu-hh.de\/arbeitswelten\/wp-json\/wp\/v2\/pages\/63","targetHints":{"allow":["GET"]}}],"collection":[{"href":"https:\/\/hermes.hsu-hh.de\/arbeitswelten\/wp-json\/wp\/v2\/pages"}],"about":[{"href":"https:\/\/hermes.hsu-hh.de\/arbeitswelten\/wp-json\/wp\/v2\/types\/page"}],"author":[{"embeddable":true,"href":"https:\/\/hermes.hsu-hh.de\/arbeitswelten\/wp-json\/wp\/v2\/users\/24"}],"replies":[{"embeddable":true,"href":"https:\/\/hermes.hsu-hh.de\/arbeitswelten\/wp-json\/wp\/v2\/comments?post=63"}],"version-history":[{"count":35,"href":"https:\/\/hermes.hsu-hh.de\/arbeitswelten\/wp-json\/wp\/v2\/pages\/63\/revisions"}],"predecessor-version":[{"id":439,"href":"https:\/\/hermes.hsu-hh.de\/arbeitswelten\/wp-json\/wp\/v2\/pages\/63\/revisions\/439"}],"wp:attachment":[{"href":"https:\/\/hermes.hsu-hh.de\/arbeitswelten\/wp-json\/wp\/v2\/media?parent=63"}],"curies":[{"name":"wp","href":"https:\/\/api.w.org\/{rel}","templated":true}]}}