{"id":45,"date":"2021-11-10T17:16:25","date_gmt":"2021-11-10T16:16:25","guid":{"rendered":"http:\/\/localhost\/arbeitswelten\/?page_id=45"},"modified":"2026-02-18T14:36:37","modified_gmt":"2026-02-18T13:36:37","slug":"fragen-antworten","status":"publish","type":"page","link":"https:\/\/hermes.hsu-hh.de\/arbeitswelten\/fragen-antworten\/","title":{"rendered":"Fragen &amp; Antworten"},"content":{"rendered":"<div class=\"wpb-content-wrapper\"><p>[vc_row][vc_column width=&#8220;10\/12&#8243; css=&#8220;.vc_custom_1637677085552{padding-top: 50px !important; background-color: #ffffff !important;}&#8220;][vc_column_text css=&#8220;.vc_custom_1637774380122{padding-top: 0px !important;}&#8220;]<\/p>\n<h2>Fragen &amp; Antworten<\/h2>\n<p>[\/vc_column_text][vc_tta_accordion style=&#8220;flat&#8220; color=&#8220;juicy-pink&#8220; spacing=&#8220;3&#8243; gap=&#8220;3&#8243; active_section=&#8220;9294129431&#8243; collapsible_all=&#8220;true&#8220; el_class=&#8220;my-accordion&#8220; css=&#8220;.vc_custom_1637774257553{padding-top: 10px !important;padding-bottom: 70px !important;}&#8220;][vc_tta_section title=&#8220;Wer f\u00fchrt die Studie durch?&#8220; tab_id=&#8220;1637675065282-58b5d5a7-7c7b&#8220;][vc_column_text]Die Befragungen der teilnehmenden Betriebe und Dienststellen werden vom infas Institut f\u00fcr angewandte Sozialwissenschaft, Bonn, im Auftrag der Helmut-Schmidt-Universit\u00e4t\/Universit\u00e4t der Bundeswehr in Hamburg (HSU\/UniBw H) und dem Deutschen Institut f\u00fcr Wirtschaftsforschung (DIW Berlin) koordiniert und durchgef\u00fchrt.[\/vc_column_text][\/vc_tta_section][vc_tta_section title=&#8220;Wie lang ist der Studienzeitraum?&#8220; tab_id=&#8220;1637675065283-9264343a-f1cc&#8220;][vc_column_text css=&#8220;&#8220;]Studienstart ist der Herbst 2021. Die Studie l\u00e4uft bis Ende 2026.[\/vc_column_text][\/vc_tta_section][vc_tta_section title=&#8220;Wer wird befragt?&#8220; tab_id=&#8220;1637675574836-14cdbb87-43bc&#8220;][vc_column_text]Befragt wird eine repr\u00e4sentative Stichprobe von Betrieben und Dienststellen in Deutschland.[\/vc_column_text][\/vc_tta_section][vc_tta_section title=&#8220;Wie werden die Betriebs- und Befragungsdaten gesch\u00fctzt?&#8220; tab_id=&#8220;1637675577869-7b647a63-5c9a&#8220;][vc_column_text el_class=&#8220;link-ul&#8220;]Wir versichern Ihnen, dass alle Daten streng vertraulich behandelt und nur f\u00fcr wissenschaftliche Zwecke verwendet werden. N\u00e4here Informationen zum Datenschutz finden Sie <a href=\"https:\/\/hermes.hsu-hh.de\/arbeitswelten\/datenschutz-studie\/\">hier<\/a>.[\/vc_column_text][\/vc_tta_section][vc_tta_section title=&#8220;Woher stammen die Kontaktdaten?&#8220; tab_id=&#8220;1637675578800-d11fb063-8c8d&#8220;][vc_column_text]Die Adressen der Betriebe wurden auf Basis einer Zufallsstichprobe ausgew\u00e4hlt. Ihre Rufnummer wurde von infas in \u00f6ffentlich zug\u00e4nglichen Telefonregistern recherchiert. Adressen und Rufnummern werden nur bei infas aufbewahrt und nach der Befragung gel\u00f6scht.[\/vc_column_text][\/vc_tta_section][vc_tta_section title=&#8220;Wie wurden die Betriebe ausgew\u00e4hlt?&#8220; tab_id=&#8220;1637675579697-8f545807-5da2&#8243;][vc_column_text]Die Betriebe wurden nach einem statistischen Zufallsverfahren ausgew\u00e4hlt.[\/vc_column_text][\/vc_tta_section][vc_tta_section title=&#8220;Ist die Teilnahme freiwillig?&#8220; tab_id=&#8220;1637676013262-c134560f-99f5&#8243;][vc_column_text]Die Teilnahme ist selbstverst\u00e4ndlich freiwillig. Es entstehen bei Nicht-Teilnahme keine Nachteile. Auch wenn sich Ihr Betrieb dazu bereit erkl\u00e4rt hat, an der Studie &#8222;Betriebe und berufliche Arbeitswelten in Deutschland\u201c teilzunehmen, m\u00fcssen nicht unbedingt alle Fragen beantwortet werden. Bei jeder Frage k\u00f6nnen Sie neu entscheiden, ob sie diese beantworten m\u00f6chten. Bedenken Sie aber bitte, dass die fehlenden Angaben zu verf\u00e4lschenden Verzerrungen in den Forschungsergebnissen f\u00fchren k\u00f6nnen.[\/vc_column_text][\/vc_tta_section][vc_tta_section title=&#8220;Was passiert mit den Befragungsdaten?&#8220; tab_id=&#8220;1637676016614-6305504f-9a30&#8243;][vc_column_text el_class=&#8220;link-ul&#8220;]Die Befragungsdaten werden mit Statistikprogrammen ausgewertet. Auswertungsergebnisse und die Ergebnisse von Teilgruppen, z. B. aufgeteilt nach Betriebsgr\u00f6\u00dfe, werden in Tabellen und Grafiken ausgegeben. Teilgruppen und deren Darstellung werden so gefasst, dass keine R\u00fcckschl\u00fcsse auf die Antworten einzelner Betriebe gezogen werden k\u00f6nnen. Die aus der Studie gewonnenen Daten k\u00f6nnen auch von Forscherinnen und Forscher in Deutschland und international unter strenger Einhaltung des Datenschutzes f\u00fcr wissenschaftliche Studien genutzt werden.<\/p>\n<p>N\u00e4here Informationen zum Datenschutz finden Sie <a href=\"https:\/\/hermes.hsu-hh.de\/arbeitswelten\/datenschutz-studie\/\">hier<\/a>.[\/vc_column_text][\/vc_tta_section][\/vc_tta_accordion][\/vc_column][vc_column width=&#8220;2\/12&#8243;][\/vc_column][\/vc_row][vc_row][vc_column width=&#8220;11\/12&#8243;][vc_raw_html]JTNDcCUzRSUwQSUzQ2ltZyUyMHdpZHRoJTNEJTIyMTE3JTIyJTIwaGVpZ2h0JTNEJTIyMTAyJTIyJTIwc3JjJTNEJTIyaHR0cCUzQSUyRiUyRmhlcm1lcy5oc3UtaGguZGUlMkZhcmJlaXRzd2VsdGVuJTJGd3AtY29udGVudCUyRnVwbG9hZHMlMkZzaXRlcyUyRjIxJTJGMjAyMSUyRjEyJTJGS3JlaXNlLXp3ZWktMS5zdmclMjIlMjBjbGFzcyUzRCUyMnN0dWRpZS1jaXJjbGUlMjIlM0MlMkZkaXYlM0UlMEElM0MlMkZwJTNF[\/vc_raw_html][\/vc_column][vc_column width=&#8220;1\/12&#8243;][\/vc_column][\/vc_row]<\/p>\n<\/div>","protected":false},"excerpt":{"rendered":"<p>[vc_row][vc_column width=&#8220;10\/12&#8243; css=&#8220;.vc_custom_1637677085552{padding-top: 50px !important; background-color: #ffffff !important;}&#8220;][vc_column_text css=&#8220;.vc_custom_1637774380122{padding-top: 0px !important;}&#8220;] Fragen &amp; Antworten [\/vc_column_text][vc_tta_accordion style=&#8220;flat&#8220; color=&#8220;juicy-pink&#8220; spacing=&#8220;3&#8243; gap=&#8220;3&#8243; active_section=&#8220;9294129431&#8243; collapsible_all=&#8220;true&#8220; el_class=&#8220;my-accordion&#8220; css=&#8220;.vc_custom_1637774257553{padding-top: 10px !important;padding-bottom: 70px !important;}&#8220;][vc_tta_section title=&#8220;Wer f\u00fchrt die Studie durch?&#8220; tab_id=&#8220;1637675065282-58b5d5a7-7c7b&#8220;][vc_column_text]Die Befragungen der teilnehmenden Betriebe und Dienststellen werden vom infas Institut f\u00fcr angewandte Sozialwissenschaft, Bonn, im Auftrag der Helmut-Schmidt-Universit\u00e4t\/Universit\u00e4t der Bundeswehr in Hamburg&hellip;<\/p>\n","protected":false},"author":24,"featured_media":0,"parent":0,"menu_order":0,"comment_status":"closed","ping_status":"closed","template":"","meta":{"_acf_changed":false,"footnotes":""},"class_list":["post-45","page","type-page","status-publish","hentry"],"acf":[],"_links":{"self":[{"href":"https:\/\/hermes.hsu-hh.de\/arbeitswelten\/wp-json\/wp\/v2\/pages\/45","targetHints":{"allow":["GET"]}}],"collection":[{"href":"https:\/\/hermes.hsu-hh.de\/arbeitswelten\/wp-json\/wp\/v2\/pages"}],"about":[{"href":"https:\/\/hermes.hsu-hh.de\/arbeitswelten\/wp-json\/wp\/v2\/types\/page"}],"author":[{"embeddable":true,"href":"https:\/\/hermes.hsu-hh.de\/arbeitswelten\/wp-json\/wp\/v2\/users\/24"}],"replies":[{"embeddable":true,"href":"https:\/\/hermes.hsu-hh.de\/arbeitswelten\/wp-json\/wp\/v2\/comments?post=45"}],"version-history":[{"count":10,"href":"https:\/\/hermes.hsu-hh.de\/arbeitswelten\/wp-json\/wp\/v2\/pages\/45\/revisions"}],"predecessor-version":[{"id":446,"href":"https:\/\/hermes.hsu-hh.de\/arbeitswelten\/wp-json\/wp\/v2\/pages\/45\/revisions\/446"}],"wp:attachment":[{"href":"https:\/\/hermes.hsu-hh.de\/arbeitswelten\/wp-json\/wp\/v2\/media?parent=45"}],"curies":[{"name":"wp","href":"https:\/\/api.w.org\/{rel}","templated":true}]}}