{"id":291,"date":"2021-11-25T11:45:58","date_gmt":"2021-11-25T10:45:58","guid":{"rendered":"http:\/\/localhost\/arbeitswelten\/?page_id=291"},"modified":"2021-12-13T17:58:58","modified_gmt":"2021-12-13T16:58:58","slug":"impressum","status":"publish","type":"page","link":"https:\/\/hermes.hsu-hh.de\/arbeitswelten\/impressum\/","title":{"rendered":"Impressum"},"content":{"rendered":"<div class=\"wpb-content-wrapper\"><p>[vc_row css=&#8220;.vc_custom_1639404914017{padding-top: 50px !important;}&#8220;][vc_column width=&#8220;10\/12&#8243;][vc_column_text]<\/p>\n<h2>Impressum<\/h2>\n<p>Helmut-Schmidt-Universit\u00e4t\/Universit\u00e4t der Bundeswehr Hamburg<br \/>\nHolstenhofweg 85<br \/>\n22043 Hamburg<br \/>\nDeutschland<\/p>\n<p>Telefon: <a href=\"tel:+494065411\">+49 (0) 40 \u2013 6541-1<\/a><br \/>\nTelefax: <a href=\"tel:+494065412869\">+49 (0) 40 \u2013 6541-2869 <\/a><br \/>\nWebseite: <a href=\"http:\/\/www.hsu-hh.de\/\" target=\"_blank\" rel=\"noopener\">www.hsu-hh.de<\/a><br \/>\nE-Mail: <a href=\"mailto:pressestelle@hsu-hh.de\"> pressestelle@hsu-hh.de<\/a>[\/vc_column_text][vc_column_text css=&#8220;.vc_custom_1639405880467{padding-top: 30px !important;}&#8220;]<strong>Rechtliche Angaben<\/strong><br \/>\nGesetzlicher Vertreter: Der Pr\u00e4sident Univ.-Prof. Dr. Klaus Beckmann (<a href=\"mailto:pressestelle@hsu-hh.de\">pressestelle@hsu-hh.de<\/a>)<br \/>\nInhaltlich Verantwortlicher gem\u00e4\u00df TMG: Prof. Dr. Wenzel Matiaske (<a href=\"mailto:matiaske@hsu-hh.de\">matiaske@hsu-hh.de<\/a>)<\/p>\n<h2><\/h2>\n<p><strong>Technische Angaben<\/strong><br \/>\nTechnisch Verantwortlicher: Christoph Halbmeier (<a href=\"mailto:chalbmeier@hsu-hh.de\">chalbmeier@hsu-hh.de<\/a>)<\/p>\n<h2><!-- \/wp:post-content --><\/h2>\n<p><strong>Haftungsausschluss<\/strong><br \/>\nTrotz sorgf\u00e4ltiger inhaltlicher Kontrolle \u00fcbernehmen wir keine Haftung f\u00fcr die Inhalte externer Links. F\u00fcr den Inhalt der verlinkten Seiten sind ausschlie\u00dflich deren Betreiber verantwortlich.<\/p>\n<h2><\/h2>\n<p><strong>Copyright<\/strong><br \/>\nAlle hier verwendeten Namen, Begriffe, Zeichen und Grafiken k\u00f6nnen Marken- oder Warenzeichen im Besitze ihrer rechtlichen Eigent\u00fcmer sein. Die Rechte aller erw\u00e4hnten und benutzten Marken- und Warenzeichen liegen ausschlie\u00dflich bei deren Besitzern.[\/vc_column_text][\/vc_column][vc_column width=&#8220;2\/12&#8243;][\/vc_column][\/vc_row][vc_row][vc_column][vc_raw_html]JTNDcCUzRSUwQSUzQ2ltZyUyMHdpZHRoJTNEJTIyMTE3JTIyJTIwaGVpZ2h0JTNEJTIyMTAyJTIyJTIwc3JjJTNEJTIyaHR0cCUzQSUyRiUyRmhlcm1lcy5oc3UtaGguZGUlMkZhcmJlaXRzd2VsdGVuJTJGd3AtY29udGVudCUyRnVwbG9hZHMlMkZzaXRlcyUyRjIxJTJGMjAyMSUyRjEyJTJGS3JlaXNlLXp3ZWktMS5zdmclMjIlMjBjbGFzcyUzRCUyMnN0dWRpZS1jaXJjbGUlMjIlM0MlMkZkaXYlM0UlMEElM0MlMkZwJTNF[\/vc_raw_html][\/vc_column][\/vc_row]<\/p>\n<!-- \/wp:freeform --><\/div>","protected":false},"excerpt":{"rendered":"<p>[vc_row css=&#8220;.vc_custom_1639404914017{padding-top: 50px !important;}&#8220;][vc_column width=&#8220;10\/12&#8243;][vc_column_text] Impressum Helmut-Schmidt-Universit\u00e4t\/Universit\u00e4t der Bundeswehr Hamburg Holstenhofweg 85 22043 Hamburg Deutschland Telefon: +49 (0) 40 \u2013 6541-1 Telefax: +49 (0) 40 \u2013 6541-2869 Webseite: www.hsu-hh.de E-Mail: pressestelle@hsu-hh.de[\/vc_column_text][vc_column_text css=&#8220;.vc_custom_1639405880467{padding-top: 30px !important;}&#8220;]Rechtliche Angaben Gesetzlicher Vertreter: Der Pr\u00e4sident Univ.-Prof. Dr. Klaus Beckmann (pressestelle@hsu-hh.de) Inhaltlich Verantwortlicher gem\u00e4\u00df TMG: Prof. Dr. Wenzel Matiaske (matiaske@hsu-hh.de) Technische Angaben&hellip;<\/p>\n","protected":false},"author":24,"featured_media":0,"parent":0,"menu_order":0,"comment_status":"closed","ping_status":"closed","template":"","meta":{"_acf_changed":false,"footnotes":""},"class_list":["post-291","page","type-page","status-publish","hentry"],"acf":[],"_links":{"self":[{"href":"https:\/\/hermes.hsu-hh.de\/arbeitswelten\/wp-json\/wp\/v2\/pages\/291","targetHints":{"allow":["GET"]}}],"collection":[{"href":"https:\/\/hermes.hsu-hh.de\/arbeitswelten\/wp-json\/wp\/v2\/pages"}],"about":[{"href":"https:\/\/hermes.hsu-hh.de\/arbeitswelten\/wp-json\/wp\/v2\/types\/page"}],"author":[{"embeddable":true,"href":"https:\/\/hermes.hsu-hh.de\/arbeitswelten\/wp-json\/wp\/v2\/users\/24"}],"replies":[{"embeddable":true,"href":"https:\/\/hermes.hsu-hh.de\/arbeitswelten\/wp-json\/wp\/v2\/comments?post=291"}],"version-history":[{"count":6,"href":"https:\/\/hermes.hsu-hh.de\/arbeitswelten\/wp-json\/wp\/v2\/pages\/291\/revisions"}],"predecessor-version":[{"id":384,"href":"https:\/\/hermes.hsu-hh.de\/arbeitswelten\/wp-json\/wp\/v2\/pages\/291\/revisions\/384"}],"wp:attachment":[{"href":"https:\/\/hermes.hsu-hh.de\/arbeitswelten\/wp-json\/wp\/v2\/media?parent=291"}],"curies":[{"name":"wp","href":"https:\/\/api.w.org\/{rel}","templated":true}]}}