{"id":137,"date":"2021-11-18T15:54:30","date_gmt":"2021-11-18T14:54:30","guid":{"rendered":"http:\/\/localhost\/arbeitswelten\/?page_id=137"},"modified":"2021-12-22T19:01:37","modified_gmt":"2021-12-22T18:01:37","slug":"datenschutz-studie","status":"publish","type":"page","link":"https:\/\/hermes.hsu-hh.de\/arbeitswelten\/datenschutz-studie\/","title":{"rendered":"Datenschutz (Studie)"},"content":{"rendered":"<div class=\"wpb-content-wrapper\"><p>[vc_row css=&#8220;.vc_custom_1639412966813{padding-top: 50px !important;}&#8220;][vc_column width=&#8220;9\/12&#8243;][vc_column_text el_class=&#8220;narrowText&#8220;]<\/p>\n<h2>Erkl\u00e4rung zum Datenschutz und zur absoluten Vertraulichkeit Ihrer Angaben<\/h2>\n<p>Die Studie \u201eBetriebe und berufliche Arbeitswelten in Deutschland\u201c wird gemeinsam von der Helmut-Schmidt-Universit\u00e4t Hamburg (HSU), dem Deutschen Institut f\u00fcr Wirtschaftsforschung (DIW Berlin) und dem infas Institut f\u00fcr angewandte Sozialwissenschaft durchgef\u00fchrt. Alle beteiligten Institute arbeiten nach den gesetzlichen Bestimmungen des Datenschutzes.<\/p>\n<p>Ihr Betrieb wurde zuf\u00e4llig f\u00fcr die Teilnahme ausgew\u00e4hlt. Ihre Rufnummer wurde von infas in \u00f6ffentlich zug\u00e4nglichen Telefonregistern recherchiert.<\/p>\n<p>Ihre Teilnahme ist nat\u00fcrlich freiwillig. Die Ergebnisse der Befragung werden ausschlie\u00dflich ohne Namen und Anschrift ausgewertet und dargestellt. Das bedeutet: Niemand kann aus den Ergebnissen erkennen, von welchem Betrieb bzw. welcher Person diese Angaben gemacht worden sind.<\/p>\n<p><strong>Es gibt keine Weitergabe von Daten an Dritte, die den Betrieb oder Ihre Person erkennen lassen.<\/strong> Die Einhaltung der Datenschutzbestimmungen wird in den jeweiligen Zust\u00e4ndigkeitsbereichen kontrolliert von:[\/vc_column_text][\/vc_column][vc_column width=&#8220;3\/12&#8243;][\/vc_column][\/vc_row][vc_row][vc_column width=&#8220;3\/12&#8243;][vc_column_text]infas<br \/>\nInstitut f\u00fcr angewandte<br \/>\nSozialwissenschaft GmbH<br \/>\nFriedrich-Wilhelm-Stra\u00dfe 18<br \/>\n53113 Bonn[\/vc_column_text][\/vc_column][vc_column width=&#8220;3\/12&#8243;][vc_column_text]Helmut-Schmidt-Universit\u00e4t\/<br \/>\nUniversit\u00e4t der Bundeswehr Hamburg<br \/>\nHolstenhofweg 85<br \/>\n22043 Hamburg[\/vc_column_text][\/vc_column][vc_column width=&#8220;3\/12&#8243;][vc_column_text]Deutsches Institut f\u00fcr Wirtschaftsforschung e.V. (DIW Berlin)<br \/>\nMohrenstra\u00dfe 58<br \/>\n10117 Berlin[\/vc_column_text][\/vc_column][vc_column width=&#8220;3\/12&#8243;][\/vc_column][\/vc_row][vc_row][vc_column width=&#8220;9\/12&#8243;][vc_column_text el_class=&#8220;narrowText&#8220;]<\/p>\n<h2>Was geschieht mit Ihren Angaben?<\/h2>\n<ol>\n<li>Die Interviewerinnen und Interviewer kontaktieren Sie im Auftrag von infas und geben Ihre Antworten anhand einer entsprechenden Ziffer in den Computer ein.<\/li>\n<li>Ihre Angaben werden ausnahmslos ohne Ihren Namen oder Ihre Kontaktdaten gespeichert.<\/li>\n<li>F\u00fcr die Durchf\u00fchrung der Studie erh\u00e4lt ausschlie\u00dflich infas Adressdaten. Diese werden strikt getrennt von den Interviews gespeichert.<\/li>\n<li>\u00a0Das DIW Berlin und die HSU erhalten die Befragungsdaten ohne Namen und Adressen und werten diese f\u00fcr wissenschaftliche Zwecke aus. Der Computer z\u00e4hlt z. B. alle Antworten zu Besch\u00e4ftigtengruppen und errechnet die Prozentverteilung.<\/li>\n<li>Das Gesamtergebnis und die Ergebnisse f\u00fcr Teilgruppen (z. B. 1-49 Besch\u00e4ftigte, 50 Besch\u00e4ftigte und mehr) werden in Tabellenform ausgedruckt. Angaben einzelner Personen oder Betriebe sind nicht erkennbar.<\/li>\n<li>Ihre Adresse und Ihre Befragungsdaten werden nach Abschluss der Befragung bei infas gel\u00f6scht. Die Befragungsdaten werden zur Nachnutzung f\u00fcr die wissenschaftliche Forschung im Forschungsdatenzentrum des DIW Berlin abgelegt.<\/li>\n<\/ol>\n<h2>In jedem Fall gilt:<\/h2>\n<p>Ihre Teilnahme am Interview ist freiwillig. Bei Nichtteilnahme entstehen Ihnen keine Nachteile. Wenn Sie Ihre Einwilligung in die Teilnahme erkl\u00e4ren, k\u00f6nnen Sie dies jederzeit ohne Angabe von Gr\u00fcnden und ohne weitere Konsequenzen bei infas mit Wirkung f\u00fcr die Zukunft widerrufen. Bis zu Ihrem Widerruf bleibt die Datenverarbeitung rechtm\u00e4\u00dfig. Es ist selbstverst\u00e4ndlich, dass alle gesetzlichen Bestimmungen des Datenschutzes eingehalten werden. Das infas Institut gibt Ihnen gem\u00e4\u00df Art. 15 DSGVO auf Anfrage hin Auskunft \u00fcber die dort vorliegenden Adressdaten und \u00e4ndert oder l\u00f6scht diese oder schr\u00e4nkt die Verarbeitung auf Ihren Wunsch hin ein. Wir weisen zudem auf das Beschwerderecht bei einer Aufsichtsbeh\u00f6rde hin.<\/p>\n<p><strong>Sie k\u00f6nnen absolut sicher sein, dass wir:<\/strong><\/p>\n<ul>\n<li>Ihren Namen und Ihre Anschrift nicht mit Ihren Interviewdaten zusammenf\u00fchren, so dass niemand erf\u00e4hrt, welche Antworten Sie pers\u00f6nlich gegeben haben;<\/li>\n<li>Ihren Namen und Ihre Anschrift nicht an Dritte weitergeben;<\/li>\n<li>keine Einzeldaten, die einen R\u00fcckschluss auf Ihre Person bzw. Ihren Betrieb zulassen, an Dritte weitergeben;<\/li>\n<li>die Daten ausschlie\u00dflich f\u00fcr die wissenschaftliche Forschung nutzen werden.<\/li>\n<\/ul>\n<h2><\/h2>\n<h2>Wir bedanken uns f\u00fcr Ihre Mitwirkung und f\u00fcr Ihr Vertrauen in unsere Arbeit!<\/h2>\n<p>[\/vc_column_text][\/vc_column][vc_column width=&#8220;3\/12&#8243;][\/vc_column][\/vc_row][vc_row][vc_column width=&#8220;11\/12&#8243;][vc_raw_html]JTNDcCUzRSUwQSUzQ2ltZyUyMHdpZHRoJTNEJTIyMTE3JTIyJTIwaGVpZ2h0JTNEJTIyMTAyJTIyJTIwc3JjJTNEJTIyaHR0cCUzQSUyRiUyRmhlcm1lcy5oc3UtaGguZGUlMkZhcmJlaXRzd2VsdGVuJTJGd3AtY29udGVudCUyRnVwbG9hZHMlMkZzaXRlcyUyRjIxJTJGMjAyMSUyRjEyJTJGS3JlaXNlLXp3ZWktMS5zdmclMjIlMjBjbGFzcyUzRCUyMnN0dWRpZS1jaXJjbGUlMjIlM0MlMkZkaXYlM0UlMEElM0MlMkZwJTNF[\/vc_raw_html][\/vc_column][vc_column width=&#8220;1\/12&#8243;][\/vc_column][\/vc_row]<\/p>\n<\/div>","protected":false},"excerpt":{"rendered":"<p>[vc_row css=&#8220;.vc_custom_1639412966813{padding-top: 50px !important;}&#8220;][vc_column width=&#8220;9\/12&#8243;][vc_column_text el_class=&#8220;narrowText&#8220;] Erkl\u00e4rung zum Datenschutz und zur absoluten Vertraulichkeit Ihrer Angaben Die Studie \u201eBetriebe und berufliche Arbeitswelten in Deutschland\u201c wird gemeinsam von der Helmut-Schmidt-Universit\u00e4t Hamburg (HSU), dem Deutschen Institut f\u00fcr Wirtschaftsforschung (DIW Berlin) und dem infas Institut f\u00fcr angewandte Sozialwissenschaft durchgef\u00fchrt. Alle beteiligten Institute arbeiten nach den gesetzlichen Bestimmungen des Datenschutzes.&hellip;<\/p>\n","protected":false},"author":24,"featured_media":0,"parent":0,"menu_order":0,"comment_status":"closed","ping_status":"closed","template":"","meta":{"_acf_changed":false,"footnotes":""},"class_list":["post-137","page","type-page","status-publish","hentry"],"acf":[],"_links":{"self":[{"href":"https:\/\/hermes.hsu-hh.de\/arbeitswelten\/wp-json\/wp\/v2\/pages\/137","targetHints":{"allow":["GET"]}}],"collection":[{"href":"https:\/\/hermes.hsu-hh.de\/arbeitswelten\/wp-json\/wp\/v2\/pages"}],"about":[{"href":"https:\/\/hermes.hsu-hh.de\/arbeitswelten\/wp-json\/wp\/v2\/types\/page"}],"author":[{"embeddable":true,"href":"https:\/\/hermes.hsu-hh.de\/arbeitswelten\/wp-json\/wp\/v2\/users\/24"}],"replies":[{"embeddable":true,"href":"https:\/\/hermes.hsu-hh.de\/arbeitswelten\/wp-json\/wp\/v2\/comments?post=137"}],"version-history":[{"count":10,"href":"https:\/\/hermes.hsu-hh.de\/arbeitswelten\/wp-json\/wp\/v2\/pages\/137\/revisions"}],"predecessor-version":[{"id":395,"href":"https:\/\/hermes.hsu-hh.de\/arbeitswelten\/wp-json\/wp\/v2\/pages\/137\/revisions\/395"}],"wp:attachment":[{"href":"https:\/\/hermes.hsu-hh.de\/arbeitswelten\/wp-json\/wp\/v2\/media?parent=137"}],"curies":[{"name":"wp","href":"https:\/\/api.w.org\/{rel}","templated":true}]}}